{"id":19,"date":"2024-11-07T07:06:38","date_gmt":"2024-11-07T07:06:38","guid":{"rendered":"https:\/\/frecuenciasm.com\/?page_id=19"},"modified":"2024-11-07T07:06:38","modified_gmt":"2024-11-07T07:06:38","slug":"terminos-y-condiciones","status":"publish","type":"page","link":"https:\/\/frecuenciasm.com\/index.php\/terminos-y-condiciones\/","title":{"rendered":"Terminos y condiciones"},"content":{"rendered":"\n<p class=\"has-medium-font-size\">1. Se requiere apartar la fecha como m\u00ednimo un d\u00eda antes del evento (Para eventos for\u00e1neos 3 d\u00edas).<\/p>\n\n\n\n<p class=\"has-medium-font-size\">2. Al contratar, se solicita un anticipo del 30% del paquete de su elecci\u00f3n, pagando por dep\u00f3sito bancario o cit\u00e1ndonos para pago personal.<\/p>\n\n\n\n<p class=\"has-medium-font-size\">3. El 70% restante del pago, se liquida el d\u00eda antes de empezar el evento.<\/p>\n\n\n\n<p class=\"has-medium-font-size\">4. Para los pagos aceptamos trasferencias electr\u00f3nicas, depositos y pago con tarjeta el cual genera un 4% del total.<\/p>\n\n\n\n<p class=\"has-medium-font-size\">5. El tiempo de actuaci\u00f3n es ininterrumpido a partir de que usted fije una hora como inicio en el contrato; absorbiendo as\u00ed, pausas por cualquier otra actuaci\u00f3n, mariachi, payasos, etc.<\/p>\n\n\n\n<p class=\"has-medium-font-size\">6. En caso de solicitar horas extra, estas deben ser solicitadas como m\u00ednimo 30 minutos antes de que concluyan nuestros servicios y ser liquidadas en ese mismo instante, de lo contrario solo se cumplir\u00e1 con el tiempo estipulado en el contrato.<\/p>\n\n\n\n<p class=\"has-medium-font-size\">7. Frecuencia SM suspender\u00e1 labores en caso de fallas el\u00e9ctricas ajenas al sonido, lluvia si no est\u00e1 a cubierto, incidente o efecto meteorol\u00f3gico que ponga en riesgo el equipo o personal.<\/p>\n\n\n\n<p class=\"has-medium-font-size\">8. En caso de cualquier da\u00f1o al equipo de audio, iluminaci\u00f3n y\/o video en el evento, causado por alguno de los presentes en el evento ajenos a Frecuencia SM, usted ser\u00e1 el responsable por el costo de la reparaci\u00f3n o costo total del equipo afectado.<\/p>\n\n\n\n<p class=\"has-medium-font-size\">9. En caso de cancelaci\u00f3n total de evento con mas de dos dias no se regresa el anticipo, debido a gastos previos de reservaci\u00f3n de su fecha. En caso de cancelar dos dias antes del evento, se pagara el total del servicio.<\/p>\n\n\n\n<p class=\"has-medium-font-size\">10. El cliente se compromete a brindar seguridad tanto dentro como fuera del lugar del evento al equipo de audio, iluminaci\u00f3n y video as\u00ed como del personal de Frecuencia SM.<\/p>\n\n\n\n<p class=\"has-medium-font-size\">11. El cliente se compromete a brindar un tiempo razonable para la desinstalaci\u00f3n del equipo de audio e iluminaci\u00f3n. En caso de no ser asi acepta que tendra un costo extra por gastos de desinstalacion.<\/p>\n\n\n\n<p class=\"has-medium-font-size\">12. Nos comprometemos, a que si por alg\u00fan motivo o incidente, Frecuencia SM llegara retardado, el tiempo de actuaci\u00f3n se compensar\u00e1 cumpliendo las horas estipuladas del contrato.<\/p>\n","protected":false},"excerpt":{"rendered":"<p>1. Se requiere apartar la fecha como m\u00ednimo un d\u00eda antes del evento (Para eventos for\u00e1neos 3 d\u00edas). 2. Al contratar, se solicita un anticipo del 30% del paquete de su elecci\u00f3n, pagando por dep\u00f3sito bancario o cit\u00e1ndonos para pago personal. 3. El 70% restante del pago, se liquida el d\u00eda antes de empezar el [&hellip;]<\/p>\n","protected":false},"author":2,"featured_media":0,"parent":0,"menu_order":0,"comment_status":"closed","ping_status":"closed","template":"","meta":{"_regular_price":[],"currency_symbol":[],"footnotes":""},"class_list":["post-19","page","type-page","status-publish","hentry"],"post_slider_layout_featured_media_urls":{"thumbnail":"","post_slider_layout_landscape_large":"","post_slider_layout_portrait_large":"","post_slider_layout_square_large":"","post_slider_layout_landscape":"","post_slider_layout_portrait":"","post_slider_layout_square":"","full":""},"_links":{"self":[{"href":"https:\/\/frecuenciasm.com\/index.php\/wp-json\/wp\/v2\/pages\/19","targetHints":{"allow":["GET"]}}],"collection":[{"href":"https:\/\/frecuenciasm.com\/index.php\/wp-json\/wp\/v2\/pages"}],"about":[{"href":"https:\/\/frecuenciasm.com\/index.php\/wp-json\/wp\/v2\/types\/page"}],"author":[{"embeddable":true,"href":"https:\/\/frecuenciasm.com\/index.php\/wp-json\/wp\/v2\/users\/2"}],"replies":[{"embeddable":true,"href":"https:\/\/frecuenciasm.com\/index.php\/wp-json\/wp\/v2\/comments?post=19"}],"version-history":[{"count":1,"href":"https:\/\/frecuenciasm.com\/index.php\/wp-json\/wp\/v2\/pages\/19\/revisions"}],"predecessor-version":[{"id":20,"href":"https:\/\/frecuenciasm.com\/index.php\/wp-json\/wp\/v2\/pages\/19\/revisions\/20"}],"wp:attachment":[{"href":"https:\/\/frecuenciasm.com\/index.php\/wp-json\/wp\/v2\/media?parent=19"}],"curies":[{"name":"wp","href":"https:\/\/api.w.org\/{rel}","templated":true}]}}